{"id":2,"date":"2024-06-11T19:02:32","date_gmt":"2024-06-11T17:02:32","guid":{"rendered":"http:\/\/www.fest.bike\/?page_id=2"},"modified":"2025-05-21T12:24:42","modified_gmt":"2025-05-21T10:24:42","slug":"regulamin","status":"publish","type":"page","link":"https:\/\/www.fest.bike\/index.php\/regulamin\/","title":{"rendered":"Regulamin Festiwalu"},"content":{"rendered":"[vc_row type=&#8221;in_container&#8221; full_screen_row_position=&#8221;middle&#8221; column_margin=&#8221;default&#8221; column_direction=&#8221;default&#8221; column_direction_tablet=&#8221;default&#8221; column_direction_phone=&#8221;default&#8221; scene_position=&#8221;center&#8221; text_color=&#8221;dark&#8221; text_align=&#8221;left&#8221; row_border_radius=&#8221;none&#8221; row_border_radius_applies=&#8221;bg&#8221; overflow=&#8221;visible&#8221; overlay_strength=&#8221;0.3&#8243; gradient_direction=&#8221;left_to_right&#8221; shape_divider_position=&#8221;bottom&#8221; bg_image_animation=&#8221;none&#8221;][vc_column column_padding=&#8221;no-extra-padding&#8221; column_padding_tablet=&#8221;inherit&#8221; column_padding_phone=&#8221;inherit&#8221; column_padding_position=&#8221;all&#8221; column_element_direction_desktop=&#8221;default&#8221; column_element_spacing=&#8221;default&#8221; desktop_text_alignment=&#8221;default&#8221; tablet_text_alignment=&#8221;default&#8221; phone_text_alignment=&#8221;default&#8221; background_color_opacity=&#8221;1&#8243; background_hover_color_opacity=&#8221;1&#8243; column_backdrop_filter=&#8221;none&#8221; column_shadow=&#8221;none&#8221; column_border_radius=&#8221;none&#8221; column_link_target=&#8221;_self&#8221; column_position=&#8221;default&#8221; gradient_direction=&#8221;left_to_right&#8221; overlay_strength=&#8221;0.3&#8243; width=&#8221;1\/1&#8243; tablet_width_inherit=&#8221;default&#8221; animation_type=&#8221;default&#8221; bg_image_animation=&#8221;none&#8221; border_type=&#8221;simple&#8221; column_border_width=&#8221;none&#8221; column_border_style=&#8221;solid&#8221;][vc_column_text]Regulamin uczestnictwa w wydarzeniu<\/p>\n<p>I. Postanowienia og\u00f3lne<\/p>\n<p>1. Niniejszy regulamin (&#8222;Regulamin&#8221;) zawiera og\u00f3lne warunki uczestnictwa w wydarzeniu o<\/p>\n<p>nazwie BikeFest organizowanym na terenie obiektu Dolno\u015bl\u0105skie Centrum Sportu Polana<\/p>\n<p>Jakuszycka, Jakuszyce 8, 58-580 Szklarska Por\u0119ba<\/p>\n<p>(\u201eWydarzenie\u201d) organizowanym przez Stellarity sp. z o.o z siedzib\u0105 w We Wroc\u0142awiu, ul. Legnicka<\/p>\n<p>55f\/361 54-203 (\u201eOrganizator\u201d).<\/p>\n<p>2. Obowi\u0105zkiem Organizatora jest przeprowadzenie Wydarzenia w spos\u00f3b planowy i<\/p>\n<p>niezak\u0142\u00f3cony oraz zapewnienie odpowiedniego zaplecza organizacyjnego.<\/p>\n<p>3. Uczestnik przyjmuje do wiadomo\u015bci, \u017ce wzi\u0119cie udzia\u0142u w Wydarzeniu i<\/p>\n<p>wst\u0119p na teren, gdzie odbywa si\u0119 Wydarzenie, jest r\u00f3wnoznaczny z zaakceptowaniem<\/p>\n<p>Regulaminu i zobowi\u0105zaniem do stosowania jego postanowie\u0144.<\/p>\n<p>II. Udzia\u0142 w Wydarzeniu<\/p>\n<p>1. Uczestnikami Wydarzenia (zwanymi dalej: \u201eUczestnikami\u201d) mog\u0105 by\u0107 wszystkie osoby fizyczne,<\/p>\n<p>kt\u00f3re zaakceptowa\u0142y niniejszy Regulamin (pojawienie si\u0119 na wydarzeniu oznacz\u0119 jego<\/p>\n<p>automatyczn\u0105 akceptacj\u0119).<\/p>\n<p>2. W Wydarzeniu mog\u0105 wzi\u0105\u0107 udzia\u0142 osoby pe\u0142noletnie legitymuj\u0105ce si\u0119 dokumentem<\/p>\n<p>pozwalaj\u0105cym na ustalenie i potwierdzenie ich to\u017csamo\u015bci. Osoba pomi\u0119dzy 16 a 18 rokiem<\/p>\n<p>\u017cycia mo\u017ce wzi\u0105\u0107 udzia\u0142 w Wydarzeniu, pod warunkiem legitymowania si\u0119 dokumentem<\/p>\n<p>pozwalaj\u0105cym na ustalenie i potwierdzenie jej to\u017csamo\u015bci i posiadania zgody na udzia\u0142 w<\/p>\n<p>Wydarzeniu udzielonej przez opiekuna prawnego. Osoby, kt\u00f3re nie uko\u0144czy\u0142y 16 roku \u017cycia,<\/p>\n<p>legitymuj\u0105ce si\u0119 dokumentem pozwalaj\u0105cym na ustalenie i potwierdzenie ich to\u017csamo\u015bci<\/p>\n<p>mog\u0105 wzi\u0105\u0107 udzia\u0142 w wydarzeniu wy\u0142\u0105cznie pod opiek\u0105 pe\u0142noletniego opiekuna.<\/p>\n<p>3. Wej\u015bcie na Wydarzenie odbywa si\u0119 w godzinach trwania eventu.<\/p>\n<p>4. Uczestnik akceptuje fakt, \u017ce mo\u017ce by\u0107 nara\u017cony na ci\u0105g\u0142e przebywanie w strefie nat\u0119\u017cenia<\/p>\n<p>d\u017awi\u0119k\u00f3w mog\u0105cych spowodowa\u0107 uszkodzenie narz\u0105du s\u0142uchu oraz na dzia\u0142anie efekt\u00f3w<\/p>\n<p>\u015bwietlnych mog\u0105cych powodowa\u0107 dyskomfort.<\/p>\n<p>5. Ka\u017cdy Uczestnik wydarzenia, bez wzgl\u0119du na wiek, musi posiada\u0107 wa\u017cny dokument ze<\/p>\n<p>zdj\u0119ciem w celu umo\u017cliwienia Organizatorowi weryfikacji wieku uczestnika.<\/p>\n<p>6. Uczestnictwo w Festiwalu nie pokrywa koszt\u00f3w parkingu dla samochod\u00f3w osobowych,<\/p>\n<p>camper\u00f3w, przyczep, campervan\u00f3w, noclegu.<\/p>\n<p>III. Og\u00f3lne zasady bezpiecze\u0144stwa<\/p>\n<p>1. Uczestnicy s\u0105 zobowi\u0105zani przestrzega\u0107 niniejszego Regulaminu, zasad bezpiecze\u0144stwa,<\/p>\n<p>przepis\u00f3w BHP i przeciwpo\u017carowych obowi\u0105zuj\u0105cych w miejscu, gdzie organizowane jest<\/p>\n<p>Wydarzenie oraz stosowa\u0107 si\u0119 w tym zakresie do polece\u0144 wydawanych przez personel<\/p>\n<p>Organizatora, a tak\u017ce zachowywa\u0107 si\u0119 w spos\u00f3b niezagra\u017caj\u0105cy bezpiecze\u0144stwu swojemu i<\/p>\n<p>innych os\u00f3b oraz mieniu.<\/p>\n<p>2. Organizator nie ponosi odpowiedzialno\u015bci za rzeczy pozostawione i zgubione podczas<\/p>\n<p>Wydarzenia.<\/p>\n<p>3. Zabronione jest wnoszenie na teren Wydarzenia:<\/p>\n<p>1. jakiejkolwiek broni, amunicji, przedmiot\u00f3w mog\u0105cych by\u0107 uznane za niebezpieczne,<\/p>\n<p>2. materia\u0142\u00f3w wybuchowych, \u0142atwopalnych i toksycznych, pirotechnicznych,<\/p>\n<p>3. parasoli z ostrymi zako\u0144czeniami,<\/p>\n<p>4. w\u0142asnego alkoholu,<\/p>\n<p>5. zwierz\u0105t, z zastrze\u017ceniem ps\u00f3w-przewodnik\u00f3w (posiadaj\u0105cych certyfikat i aktualne<\/p>\n<p>szczepienia z obowi\u0105zkiem ich przedstawienia, na wezwanie, personelowi<\/p>\n<p>Organizatora) towarzysz\u0105cych osobom niepe\u0142nosprawnym,<\/p>\n<p>6. du\u017cych toreb, plecak\u00f3w oraz wszelkich przedmiot\u00f3w o du\u017cych gabarytach;<\/p>\n<p>7. profesjonalnych aparat\u00f3w z fotoobiektywem mog\u0105cymi by\u0107 uznanymi zaprofesjonalny sprz\u0119t fotograficzny.<\/p>\n<p>4. Organizator zabrania prowadzenia na terenie Wydarze\u0144 dzia\u0142alno\u015bci handlowej, informacyjnej,<\/p>\n<p>promocyjnej, reklamowej z zastrze\u017ceniem przypadk\u00f3w, kiedy dany podmiot uzyska\u0142 odr\u0119bn\u0105<\/p>\n<p>zgod\u0119 Organizatora.<\/p>\n<p>5. Osobom nietrze\u017awym lub b\u0119d\u0105cym pod wp\u0142ywem \u015brodk\u00f3w odurzaj\u0105cych, psychotropowych<\/p>\n<p>lub innych podobnie dzia\u0142aj\u0105cych \u015brodk\u00f3w zachowuj\u0105cym si\u0119 w spos\u00f3b, kt\u00f3ry m\u00f3g\u0142by zagrozi\u0107<\/p>\n<p>bezpiecze\u0144stwu w\u0142asnemu lub innych Uczestnik\u00f3w oraz Organizatora, zak\u0142\u00f3ci\u0107 porz\u0105dek<\/p>\n<p>Wydarzenia, a tak\u017ce naruszy\u0107 og\u00f3lnie przyj\u0119te normy zachowania w miejscach publicznych<\/p>\n<p>zakazuje si\u0119 wst\u0119pu na Wydarzenia. Personel Organizatora uprawniony jest do zobowi\u0105zania<\/p>\n<p>osoby, o kt\u00f3rej mowa w zdaniu poprzednim do opuszczenia terenu Wydarzenia.<\/p>\n<p>6. Organizator nie ponosi odpowiedzialno\u015bci za zdarzenia wynikaj\u0105ce z nieprzestrzegania przez<\/p>\n<p>Uczestnik\u00f3w Regulaminu, nie stosowania si\u0119 przez Uczestnik\u00f3w do zalece\u0144 Organizatora oraz<\/p>\n<p>polece\u0144 personelu Organizatora.<\/p>\n<p>7. Uczestnik ponosi pe\u0142n\u0105 odpowiedzialno\u015b\u0107 odszkodowawcz\u0105 za szkody w mieniu lub na<\/p>\n<p>osobach wchodz\u0105cych w sk\u0142ad personelu Organizatora (pracownikach i wsp\u00f3\u0142pracownikach),<\/p>\n<p>wyrz\u0105dzone przez niego lub osoby pozostaj\u0105ce pod jego opiek\u0105. Odpowiedzialno\u015b\u0107 w takim<\/p>\n<p>samym zakresie jak powy\u017cej, Uczestnik ponosi r\u00f3wnie\u017c wobec innych Uczestnik\u00f3w.<\/p>\n<p>8. Organizator zabrania wnoszenia na teren Wydarzenia alkoholu oraz innych \u015brodk\u00f3w<\/p>\n<p>odurzaj\u0105cych, psychotropowych lub innych podobnie dzia\u0142aj\u0105cych \u015brodk\u00f3w.<\/p>\n<p>9. W przypadku zauwa\u017cenia zagro\u017cenia dla \u017cycia lub zdrowia Uczestnik\u00f3w, Uczestnik<\/p>\n<p>zobowi\u0105zany jest niezw\u0142ocznie poinformowa\u0107 o tym personel Organizatora lub odpowiednie<\/p>\n<p>s\u0142u\u017cby dbaj\u0105ce o bezpiecze\u0144stwo i porz\u0105dek.<\/p>\n<p>10. Organizator zastrzega sobie prawo do wykluczenia z udzia\u0142u w Wydarzeniu Uczestnik\u00f3w,<\/p>\n<p>kt\u00f3rzy naruszaj\u0105 postanowienia niniejszego Regulaminu, a w szczeg\u00f3lno\u015bci:<\/p>\n<p>1. podejmuj\u0105 dzia\u0142ania sprzeczne z prawem, z dobrymi obyczajami lub godz\u0105ce<\/p>\n<p>w uzasadnione interesy os\u00f3b trzecich;<\/p>\n<p>2. podejmuj\u0105 dzia\u0142ania zmierzaj\u0105ce do obej\u015bcia albo wskazuj\u0105ce na pr\u00f3b\u0119 obej\u015bcia<\/p>\n<p>Regulaminu;<\/p>\n<p>3. podejmuj\u0105 dzia\u0142ania naruszaj\u0105ce uzasadnione interesy Organizatora lub godz\u0105ce w<\/p>\n<p>jego wizerunek.<\/p>\n<p>IV. Odwo\u0142anie Wydarzenia lub inna zmiana w zakresie Wydarzenia<\/p>\n<p>1. Organizator jest uprawniony do odwo\u0142ania Wydarzenia z wa\u017cnej przyczyny, jak\u0105 stanowi\u0105 w<\/p>\n<p>szczeg\u00f3lno\u015bci si\u0142a wy\u017csza, kwestie bezpiecze\u0144stwa Uczestnik\u00f3w, warunki atmosferyczne,<\/p>\n<p>choroba wykonawcy, czy inne istotne okoliczno\u015bci uniemo\u017cliwiaj\u0105ce odbycie Wydarzenia.<\/p>\n<p>Organizator o powy\u017cszym poinformuje Uczestnik\u00f3w za po\u015brednictwem portalu Facebook i<\/p>\n<p>Instagram.<\/p>\n<p>V. Regulamin Camperparku<\/p>\n<p>1. Ka\u017cdy uczestnik posiadaj\u0105cy bilet na stref\u0119 Camperparku mo\u017ce zakwaterowa\u0107 si\u0119 od pi\u0105tku<\/p>\n<p>30.05.2025 do niedzieli 1.06.2025. Bilety do nabycia w recepcji DCS.<\/p>\n<p>2. Jeden bilet na 3 dni postoju (dwie noce) na Camperparku uprawnia do noclegu oraz wej\u015bcia<\/p>\n<p>na stref\u0119 festiwalow\u0105 na 3 dni.<\/p>\n<p>3. Na terenie Camperparku jest przy\u0142\u0105cze do pr\u0105du, sanitariaty znajduj\u0105 si\u0119 w budynku DCS.<\/p>\n<p>4. Organizator nie odpowiada za wszelkie szkody do jakich dosz\u0142o nie z winy organizatora jak<\/p>\n<p>zderzenia camper\u00f3w, przyczep, zarysowania, wgniecenia, po\u017car, zalanie, awarie<\/p>\n<p>mechaniczne, kradzie\u017ce, zniszczenia i tym podobne.<\/p>\n<p>5. Wszelkie informacje na temat warunk\u00f3w w strefie parkingowej podane s\u0105 w mediach<\/p>\n<p>spo\u0142eczno\u015bciowych- ka\u017cdy uczestnik posiadaj\u0105cy bilet, akceptuje i przyjmuje do wiadomo\u015bci<\/p>\n<p>aktualny stan rzeczy.VI. Regulamin wycieczek zorganizowanych<\/p>\n<p>1. Na wycieczki zorganizowane obowi\u0105zuj\u0105 zapisy.<\/p>\n<p>2. Wycieczki prowadz\u0105 osoby do\u015bwiadczone w tym zakresie.<\/p>\n<p>3. Ka\u017cdy uczestnik wycieczki bierze w niej udzia\u0142 na swoj\u0105 odpowiedzialno\u015b\u0107.<\/p>\n<p>4. Osoba prowadz\u0105ca wycieczk\u0119 nie ponosi odpowiedzialno\u015bci za wszelkiego rodzaju wypadki<\/p>\n<p>uczestnika, awarie roweru, problemy zdrowotne, kontuzje, zniszczenia mienia, zgubienie si\u0119<\/p>\n<p>uczestnika na trasie, problemy techniczne i tym podobne.<\/p>\n<p>5. Uczestnik wycieczki potwierdza, \u017ce jest do niej przygotowany technicznie i kondycyjnie.<\/p>\n<p>6. Je\u015bli uczestnik zabiera na wycieczk\u0119 swoje dzieci poni\u017cej 18 roku \u017cycia, r\u00f3wnie\u017c bierze za nie<\/p>\n<p>odpowiedzialno\u015b\u0107.<\/p>\n<p>VII. Postanowienia ko\u0144cowe<\/p>\n<p>1. W sprawach nieuregulowanych niniejszym Regulaminem zastosowanie maj\u0105 powszechnie<\/p>\n<p>obowi\u0105zuj\u0105ce przepisy prawa.<\/p>\n<p>2. Wszelkie zapytania dotycz\u0105ce Wydarze\u0144 oraz sprzeda\u017cy bilet\u00f3w mo\u017cna kierowa\u0107 do<\/p>\n<p>Organizatora \u2013 tel.696036263, adres mailowy: ola@stellarity.co<\/p>\n<p>3. Regulamin obowi\u0105zuje od dnia 30.05.2025[\/vc_column_text][\/vc_column][\/vc_row]\n","protected":false},"excerpt":{"rendered":"<p>[vc_row type=&#8221;in_container&#8221; full_screen_row_position=&#8221;middle&#8221; column_margin=&#8221;default&#8221; column_direction=&#8221;default&#8221; column_direction_tablet=&#8221;default&#8221; column_direction_phone=&#8221;default&#8221; scene_position=&#8221;center&#8221; text_color=&#8221;dark&#8221; text_align=&#8221;left&#8221; row_border_radius=&#8221;none&#8221; row_border_radius_applies=&#8221;bg&#8221; overflow=&#8221;visible&#8221; overlay_strength=&#8221;0.3&#8243; gradient_direction=&#8221;left_to_right&#8221; shape_divider_position=&#8221;bottom&#8221; bg_image_animation=&#8221;none&#8221;][vc_column column_padding=&#8221;no-extra-padding&#8221; column_padding_tablet=&#8221;inherit&#8221; column_padding_phone=&#8221;inherit&#8221; column_padding_position=&#8221;all&#8221; column_element_direction_desktop=&#8221;default&#8221; column_element_spacing=&#8221;default&#8221; desktop_text_alignment=&#8221;default&#8221; tablet_text_alignment=&#8221;default&#8221; phone_text_alignment=&#8221;default&#8221; background_color_opacity=&#8221;1&#8243; background_hover_color_opacity=&#8221;1&#8243; column_backdrop_filter=&#8221;none&#8221; column_shadow=&#8221;none&#8221;&#8230;<\/p>\n","protected":false},"author":1,"featured_media":0,"parent":0,"menu_order":0,"comment_status":"closed","ping_status":"open","template":"","meta":{"footnotes":""},"class_list":["post-2","page","type-page","status-publish"],"_links":{"self":[{"href":"https:\/\/www.fest.bike\/index.php\/wp-json\/wp\/v2\/pages\/2","targetHints":{"allow":["GET"]}}],"collection":[{"href":"https:\/\/www.fest.bike\/index.php\/wp-json\/wp\/v2\/pages"}],"about":[{"href":"https:\/\/www.fest.bike\/index.php\/wp-json\/wp\/v2\/types\/page"}],"author":[{"embeddable":true,"href":"https:\/\/www.fest.bike\/index.php\/wp-json\/wp\/v2\/users\/1"}],"replies":[{"embeddable":true,"href":"https:\/\/www.fest.bike\/index.php\/wp-json\/wp\/v2\/comments?post=2"}],"version-history":[{"count":3,"href":"https:\/\/www.fest.bike\/index.php\/wp-json\/wp\/v2\/pages\/2\/revisions"}],"predecessor-version":[{"id":630,"href":"https:\/\/www.fest.bike\/index.php\/wp-json\/wp\/v2\/pages\/2\/revisions\/630"}],"wp:attachment":[{"href":"https:\/\/www.fest.bike\/index.php\/wp-json\/wp\/v2\/media?parent=2"}],"curies":[{"name":"wp","href":"https:\/\/api.w.org\/{rel}","templated":true}]}}